{"id":218,"date":"2023-02-07T17:46:32","date_gmt":"2023-02-07T17:46:32","guid":{"rendered":"https:\/\/primecrime.se\/app\/?page_id=218"},"modified":"2023-02-07T17:50:05","modified_gmt":"2023-02-07T17:50:05","slug":"cookies-policy","status":"publish","type":"page","link":"https:\/\/primecrime.se\/app\/cookies-policy\/","title":{"rendered":"Cookies Policy"},"content":{"rendered":"\n\n\t<p>P\u00e5 denna webbplats www.primecrime.se anv\u00e4nds cookies.<\/p>\n<p>Om du inte accepterar anv\u00e4ndandet av cookies kan du st\u00e4nga av cookies i din webbl\u00e4sares s\u00e4kerhetsinst\u00e4llningar. Du kan \u00e4ven st\u00e4lla in webbl\u00e4saren s\u00e5 att du f\u00e5r en varning varje g\u00e5ng webbplatsen f\u00f6rs\u00f6ker placera en cookie p\u00e5 din dator.<\/p>\n<p>Cookies \u00e4r sm\u00e5 textfiler som lagras p\u00e5 bes\u00f6karens dator. Cookies anv\u00e4nds normalt f\u00f6r att f\u00f6rb\u00e4ttra webbplatsen f\u00f6r anv\u00e4ndaren, till exempel f\u00f6r att kunna anpassa en webbplats efter bes\u00f6karens \u00f6nskem\u00e5l, val och intressen.<\/p>\n<p>Ingen personlig information, som e-post eller namn, sparas automatiskt om bes\u00f6karen. Vi delar inte med oss av information till tredje part.<\/p>\n<p>Det finns tv\u00e5 typer:<\/p>\n<ul>\n<li>En permanent cookie ligger kvar p\u00e5 bes\u00f6karens dator under en best\u00e4md tid.<\/li>\n<li>En sessionscookie lagras tillf\u00e4lligt i datorns minne under tiden en bes\u00f6kare \u00e4r inne p\u00e5 en webbsida.\n<\/li>\n<\/ul>\n<p>Sessioncookies f\u00f6rsvinner n\u00e4r du st\u00e4nger din webbl\u00e4sare.<\/p>\n<p>Alla som bes\u00f6ker en webbplats som anv\u00e4nder cookies ska f\u00e5 information om att webbplatsen inneh\u00e5ller cookies, vad dessa cookies anv\u00e4nds till och hur cookies kan undvikas, enligt lagen om elektronisk kommunikation, som tr\u00e4dde i kraft den 25 juli 2003 (SFS 2003:389).<\/p>\n\n","protected":false},"excerpt":{"rendered":"<p>P\u00e5 denna webbplats www.primecrime.se anv\u00e4nds cookies. Om du inte accepterar anv\u00e4ndandet av cookies kan du st\u00e4nga av cookies i din webbl\u00e4sares s\u00e4kerhetsinst\u00e4llningar. Du kan \u00e4ven st\u00e4lla in webbl\u00e4saren s\u00e5 att du f\u00e5r en varning varje g\u00e5ng webbplatsen f\u00f6rs\u00f6ker placera en cookie p\u00e5 din dator. Cookies \u00e4r sm\u00e5 textfiler som lagras p\u00e5 bes\u00f6karens dator. Cookies anv\u00e4nds&hellip;<\/p>\n","protected":false},"author":1,"featured_media":220,"parent":0,"menu_order":0,"comment_status":"closed","ping_status":"closed","template":"","meta":{"_acf_changed":false,"footnotes":""},"class_list":["post-218","page","type-page","status-publish","has-post-thumbnail","hentry"],"acf":[],"yoast_head":"<!-- This site is optimized with the Yoast SEO plugin v26.0 - https:\/\/yoast.com\/wordpress\/plugins\/seo\/ -->\n<title>Cookies Policy - Primecrime<\/title>\n<meta name=\"robots\" content=\"index, follow, max-snippet:-1, max-image-preview:large, max-video-preview:-1\" \/>\n<link rel=\"canonical\" href=\"https:\/\/primecrime.se\/app\/cookies-policy\/\" \/>\n<meta property=\"og:locale\" content=\"en_US\" \/>\n<meta property=\"og:type\" content=\"article\" \/>\n<meta property=\"og:title\" content=\"Cookies Policy - Primecrime\" \/>\n<meta property=\"og:description\" content=\"P\u00e5 denna webbplats www.primecrime.se anv\u00e4nds cookies. Om du inte accepterar anv\u00e4ndandet av cookies kan du st\u00e4nga av cookies i din webbl\u00e4sares s\u00e4kerhetsinst\u00e4llningar. Du kan \u00e4ven st\u00e4lla in webbl\u00e4saren s\u00e5 att du f\u00e5r en varning varje g\u00e5ng webbplatsen f\u00f6rs\u00f6ker placera en cookie p\u00e5 din dator. Cookies \u00e4r sm\u00e5 textfiler som lagras p\u00e5 bes\u00f6karens dator. Cookies anv\u00e4nds&hellip;\" \/>\n<meta property=\"og:url\" content=\"https:\/\/primecrime.se\/app\/cookies-policy\/\" \/>\n<meta property=\"og:site_name\" content=\"Primecrime\" \/>\n<meta property=\"article:publisher\" content=\"https:\/\/www.facebook.com\/primecrime.se\" \/>\n<meta property=\"article:modified_time\" content=\"2023-02-07T17:50:05+00:00\" \/>\n<meta property=\"og:image\" content=\"https:\/\/primecrime.se\/app\/wp-content\/uploads\/2023\/02\/thumb-img.jpeg\" \/>\n\t<meta property=\"og:image:width\" content=\"1920\" \/>\n\t<meta property=\"og:image:height\" content=\"1080\" \/>\n\t<meta property=\"og:image:type\" content=\"image\/jpeg\" \/>\n<meta name=\"twitter:card\" content=\"summary_large_image\" \/>\n<meta name=\"twitter:site\" content=\"@primecrimese\" \/>\n<script type=\"application\/ld+json\" class=\"yoast-schema-graph\">{\"@context\":\"https:\/\/schema.org\",\"@graph\":[{\"@type\":\"WebPage\",\"@id\":\"https:\/\/primecrime.se\/app\/cookies-policy\/\",\"url\":\"https:\/\/primecrime.se\/app\/cookies-policy\/\",\"name\":\"Cookies Policy - Primecrime\",\"isPartOf\":{\"@id\":\"https:\/\/primecrime.se\/app\/#website\"},\"primaryImageOfPage\":{\"@id\":\"https:\/\/primecrime.se\/app\/cookies-policy\/#primaryimage\"},\"image\":{\"@id\":\"https:\/\/primecrime.se\/app\/cookies-policy\/#primaryimage\"},\"thumbnailUrl\":\"https:\/\/primecrime.se\/app\/wp-content\/uploads\/2023\/02\/thumb-img.jpeg\",\"datePublished\":\"2023-02-07T17:46:32+00:00\",\"dateModified\":\"2023-02-07T17:50:05+00:00\",\"breadcrumb\":{\"@id\":\"https:\/\/primecrime.se\/app\/cookies-policy\/#breadcrumb\"},\"inLanguage\":\"en-US\",\"potentialAction\":[{\"@type\":\"ReadAction\",\"target\":[\"https:\/\/primecrime.se\/app\/cookies-policy\/\"]}]},{\"@type\":\"ImageObject\",\"inLanguage\":\"en-US\",\"@id\":\"https:\/\/primecrime.se\/app\/cookies-policy\/#primaryimage\",\"url\":\"https:\/\/primecrime.se\/app\/wp-content\/uploads\/2023\/02\/thumb-img.jpeg\",\"contentUrl\":\"https:\/\/primecrime.se\/app\/wp-content\/uploads\/2023\/02\/thumb-img.jpeg\",\"width\":1920,\"height\":1080},{\"@type\":\"BreadcrumbList\",\"@id\":\"https:\/\/primecrime.se\/app\/cookies-policy\/#breadcrumb\",\"itemListElement\":[{\"@type\":\"ListItem\",\"position\":1,\"name\":\"Home\",\"item\":\"https:\/\/primecrime.se\/app\/\"},{\"@type\":\"ListItem\",\"position\":2,\"name\":\"Cookies Policy\"}]},{\"@type\":\"WebSite\",\"@id\":\"https:\/\/primecrime.se\/app\/#website\",\"url\":\"https:\/\/primecrime.se\/app\/\",\"name\":\"PimeCrime\",\"description\":\"\",\"publisher\":{\"@id\":\"https:\/\/primecrime.se\/app\/#organization\"},\"potentialAction\":[{\"@type\":\"SearchAction\",\"target\":{\"@type\":\"EntryPoint\",\"urlTemplate\":\"https:\/\/primecrime.se\/app\/?s={search_term_string}\"},\"query-input\":{\"@type\":\"PropertyValueSpecification\",\"valueRequired\":true,\"valueName\":\"search_term_string\"}}],\"inLanguage\":\"en-US\"},{\"@type\":\"Organization\",\"@id\":\"https:\/\/primecrime.se\/app\/#organization\",\"name\":\"Prime Crime\",\"url\":\"https:\/\/primecrime.se\/app\/\",\"logo\":{\"@type\":\"ImageObject\",\"inLanguage\":\"en-US\",\"@id\":\"https:\/\/primecrime.se\/app\/#\/schema\/logo\/image\/\",\"url\":\"https:\/\/primecrime.se\/app\/wp-content\/uploads\/2023\/02\/mockup-of-a-round-outdoor-sign.png\",\"contentUrl\":\"https:\/\/primecrime.se\/app\/wp-content\/uploads\/2023\/02\/mockup-of-a-round-outdoor-sign.png\",\"width\":1920,\"height\":1280,\"caption\":\"Prime Crime\"},\"image\":{\"@id\":\"https:\/\/primecrime.se\/app\/#\/schema\/logo\/image\/\"},\"sameAs\":[\"https:\/\/www.facebook.com\/primecrime.se\",\"https:\/\/x.com\/primecrimese\",\"https:\/\/www.instagram.com\/primecrime.se\/\",\"https:\/\/www.youtube.com\/channel\/UCWEzkHZ0IdBW5ZgBcDFr_0Q\"]}]}<\/script>\n<!-- \/ Yoast SEO plugin. -->","yoast_head_json":{"title":"Cookies Policy - Primecrime","robots":{"index":"index","follow":"follow","max-snippet":"max-snippet:-1","max-image-preview":"max-image-preview:large","max-video-preview":"max-video-preview:-1"},"canonical":"https:\/\/primecrime.se\/app\/cookies-policy\/","og_locale":"en_US","og_type":"article","og_title":"Cookies Policy - Primecrime","og_description":"P\u00e5 denna webbplats www.primecrime.se anv\u00e4nds cookies. Om du inte accepterar anv\u00e4ndandet av cookies kan du st\u00e4nga av cookies i din webbl\u00e4sares s\u00e4kerhetsinst\u00e4llningar. Du kan \u00e4ven st\u00e4lla in webbl\u00e4saren s\u00e5 att du f\u00e5r en varning varje g\u00e5ng webbplatsen f\u00f6rs\u00f6ker placera en cookie p\u00e5 din dator. Cookies \u00e4r sm\u00e5 textfiler som lagras p\u00e5 bes\u00f6karens dator. Cookies anv\u00e4nds&hellip;","og_url":"https:\/\/primecrime.se\/app\/cookies-policy\/","og_site_name":"Primecrime","article_publisher":"https:\/\/www.facebook.com\/primecrime.se","article_modified_time":"2023-02-07T17:50:05+00:00","og_image":[{"width":1920,"height":1080,"url":"https:\/\/primecrime.se\/app\/wp-content\/uploads\/2023\/02\/thumb-img.jpeg","type":"image\/jpeg"}],"twitter_card":"summary_large_image","twitter_site":"@primecrimese","schema":{"@context":"https:\/\/schema.org","@graph":[{"@type":"WebPage","@id":"https:\/\/primecrime.se\/app\/cookies-policy\/","url":"https:\/\/primecrime.se\/app\/cookies-policy\/","name":"Cookies Policy - Primecrime","isPartOf":{"@id":"https:\/\/primecrime.se\/app\/#website"},"primaryImageOfPage":{"@id":"https:\/\/primecrime.se\/app\/cookies-policy\/#primaryimage"},"image":{"@id":"https:\/\/primecrime.se\/app\/cookies-policy\/#primaryimage"},"thumbnailUrl":"https:\/\/primecrime.se\/app\/wp-content\/uploads\/2023\/02\/thumb-img.jpeg","datePublished":"2023-02-07T17:46:32+00:00","dateModified":"2023-02-07T17:50:05+00:00","breadcrumb":{"@id":"https:\/\/primecrime.se\/app\/cookies-policy\/#breadcrumb"},"inLanguage":"en-US","potentialAction":[{"@type":"ReadAction","target":["https:\/\/primecrime.se\/app\/cookies-policy\/"]}]},{"@type":"ImageObject","inLanguage":"en-US","@id":"https:\/\/primecrime.se\/app\/cookies-policy\/#primaryimage","url":"https:\/\/primecrime.se\/app\/wp-content\/uploads\/2023\/02\/thumb-img.jpeg","contentUrl":"https:\/\/primecrime.se\/app\/wp-content\/uploads\/2023\/02\/thumb-img.jpeg","width":1920,"height":1080},{"@type":"BreadcrumbList","@id":"https:\/\/primecrime.se\/app\/cookies-policy\/#breadcrumb","itemListElement":[{"@type":"ListItem","position":1,"name":"Home","item":"https:\/\/primecrime.se\/app\/"},{"@type":"ListItem","position":2,"name":"Cookies Policy"}]},{"@type":"WebSite","@id":"https:\/\/primecrime.se\/app\/#website","url":"https:\/\/primecrime.se\/app\/","name":"PimeCrime","description":"","publisher":{"@id":"https:\/\/primecrime.se\/app\/#organization"},"potentialAction":[{"@type":"SearchAction","target":{"@type":"EntryPoint","urlTemplate":"https:\/\/primecrime.se\/app\/?s={search_term_string}"},"query-input":{"@type":"PropertyValueSpecification","valueRequired":true,"valueName":"search_term_string"}}],"inLanguage":"en-US"},{"@type":"Organization","@id":"https:\/\/primecrime.se\/app\/#organization","name":"Prime Crime","url":"https:\/\/primecrime.se\/app\/","logo":{"@type":"ImageObject","inLanguage":"en-US","@id":"https:\/\/primecrime.se\/app\/#\/schema\/logo\/image\/","url":"https:\/\/primecrime.se\/app\/wp-content\/uploads\/2023\/02\/mockup-of-a-round-outdoor-sign.png","contentUrl":"https:\/\/primecrime.se\/app\/wp-content\/uploads\/2023\/02\/mockup-of-a-round-outdoor-sign.png","width":1920,"height":1280,"caption":"Prime Crime"},"image":{"@id":"https:\/\/primecrime.se\/app\/#\/schema\/logo\/image\/"},"sameAs":["https:\/\/www.facebook.com\/primecrime.se","https:\/\/x.com\/primecrimese","https:\/\/www.instagram.com\/primecrime.se\/","https:\/\/www.youtube.com\/channel\/UCWEzkHZ0IdBW5ZgBcDFr_0Q"]}]}},"_links":{"self":[{"href":"https:\/\/primecrime.se\/app\/wp-json\/wp\/v2\/pages\/218","targetHints":{"allow":["GET"]}}],"collection":[{"href":"https:\/\/primecrime.se\/app\/wp-json\/wp\/v2\/pages"}],"about":[{"href":"https:\/\/primecrime.se\/app\/wp-json\/wp\/v2\/types\/page"}],"author":[{"embeddable":true,"href":"https:\/\/primecrime.se\/app\/wp-json\/wp\/v2\/users\/1"}],"replies":[{"embeddable":true,"href":"https:\/\/primecrime.se\/app\/wp-json\/wp\/v2\/comments?post=218"}],"version-history":[{"count":0,"href":"https:\/\/primecrime.se\/app\/wp-json\/wp\/v2\/pages\/218\/revisions"}],"wp:featuredmedia":[{"embeddable":true,"href":"https:\/\/primecrime.se\/app\/wp-json\/wp\/v2\/media\/220"}],"wp:attachment":[{"href":"https:\/\/primecrime.se\/app\/wp-json\/wp\/v2\/media?parent=218"}],"curies":[{"name":"wp","href":"https:\/\/api.w.org\/{rel}","templated":true}]}}